{"id":81,"date":"2020-05-02T18:32:05","date_gmt":"2020-05-02T16:32:05","guid":{"rendered":"https:\/\/onemedia.biz\/wordpress\/?page_id=81"},"modified":"2020-05-02T18:33:08","modified_gmt":"2020-05-02T16:33:08","slug":"agbs","status":"publish","type":"page","link":"https:\/\/www.onemedia.biz\/wordpress\/?page_id=81","title":{"rendered":"AGB&#8217;s"},"content":{"rendered":"\t\t<div data-elementor-type=\"wp-page\" data-elementor-id=\"81\" class=\"elementor elementor-81\">\n\t\t\t\t\t\t<section class=\"elementor-section elementor-top-section elementor-element elementor-element-4505f0e9 elementor-section-boxed elementor-section-height-default elementor-section-height-default\" data-id=\"4505f0e9\" data-element_type=\"section\" data-e-type=\"section\">\n\t\t\t\t\t\t<div class=\"elementor-container elementor-column-gap-default\">\n\t\t\t\t\t<div class=\"elementor-column elementor-col-100 elementor-top-column elementor-element elementor-element-39ee797e\" data-id=\"39ee797e\" data-element_type=\"column\" data-e-type=\"column\">\n\t\t\t<div class=\"elementor-widget-wrap elementor-element-populated\">\n\t\t\t\t\t\t<div class=\"elementor-element elementor-element-3bc03c62 elementor-widget elementor-widget-text-editor\" data-id=\"3bc03c62\" data-element_type=\"widget\" data-e-type=\"widget\" data-widget_type=\"text-editor.default\">\n\t\t\t\t<div class=\"elementor-widget-container\">\n\t\t\t\t\t\t\t\t\t<p>1. Verkaufs-, Liefer- und Mietbedingungen:<br \/>Die nachstehenden Bedingungen gelten f\u00fcr alle Verk\u00e4ufe, Lieferungen und Vermietungen soweit nicht schriftlich etwas anderes vereinbart wird. Gesch\u00e4ftsbedingungen des Kunden gelten nur, soweit wir diesen zustimmen.<\/p><p>2. Angebote:<br \/>Unsere Angebote sind stets frei bleibend. Sie werden erst nach unserer endg\u00fcltigen Auftragsbest\u00e4tigung verbindlich.<\/p><p>3. Zahlungen:<br \/>Alle Rechnungen sind innerhalb von 10 Tagen netto zahlbar, sofern nicht ausdr\u00fccklich andere Zahlungsbedingungen vereinbart wurden. Bei versp\u00e4teter Zahlung wird der allf\u00e4llig gew\u00e4hrte Rabatt nachbelastet. Erfolgt die gesamte Zahlung nicht bis sp\u00e4testens zum Verfalltag, so schuldet der K\u00e4ufer Verzugszinsen von 8% p.a. &#8211; s\u00e4mtliche anfallenden Mahn- und Inkassospesen gehen zu Lasten des K\u00e4ufers. &#8211; Miete: Abholger\u00e4te sind bar bei R\u00fcckgabe der Mietgegenst\u00e4nde zu bezahlen, sofern nicht anders geregelt.<\/p><p>4. Eigentumsvorbehalt:<br \/>Die Mietger\u00e4te mit allem Zubeh\u00f6r bleiben Eigentum von ONEMEDIA. Der Mieter \u00fcbernimmt die Haftung f\u00fcr die Mietger\u00e4te vom Zeitpunkt der \u00dcbernahme bis zum Zeitpunkt der R\u00fcckgabe. Er haftet in vollem Umfang f\u00fcr jegliche Sch\u00e4den an den Mietobjekten, entstehend durch Transport, Witterung, Nichteinhaltung der Netznormen, unsachgem\u00e4sse Bedienung, Diebstahl, Verschmutzung, Sch\u00e4den durch Drittpersonen usw. Nicht retourniertes Material wird zum Wiederbeschaffungspreis, bzw. Wiederherstellungspreis sofort zur Barzahlung f\u00e4llig.<\/p><p>5. Reklamationen:<br \/>Bei Abholanlagen best\u00e4tigt der Kunde mit seiner Unterschrift das Material in einwandfreiem Zustand erhalten zu haben, und \u00fcber die Bedienung und Installation in Kenntnis gesetzt worden zu sein.<\/p><p>6. Annullation:<br \/>Annulliert der Mieter bestellte Ger\u00e4te oder Anlagen betragen die Annullationskosten; 10 Tage vor Mietbeginn: 50% der Auftragssumme; f\u00fcr jeden weiteren Tag sp\u00e4ter: 5% zus\u00e4tzlich.<\/p><p>7. Versicherung:<br \/>Das Versichern der Mietger\u00e4te samt Zubeh\u00f6r ist Sache des Mieters. Auf ausdr\u00fccklichen Wunsch schliessen wir eine Versicherung zulasten des Mieters ab. Diese Versicherung deckt Verlust und Besch\u00e4digungen der Mietobjekte gegen die Risiken Feuer, Wasser und Einbruchdiebstahl, sowie Transportsch\u00e4den. Auf Wunsch k\u00f6nnen die Versicherungsbedingungen eingesehen werden.<\/p><p>8. Bewilligung:<br \/>S\u00e4mtliche Bewilligungen f\u00fcr das Ben\u00fctzen unserer Ger\u00e4te sind Sache des Mieters.<\/p><p>9. Werbung:<br \/>Der Vermieter beh\u00e4lt sich das Recht vor, an den Mietgegenst\u00e4nden Werbung in angemessener Gr\u00f6sse anzubringen. Die Firmenlogos und Schriftz\u00fcge d\u00fcrfen durch den Mieter weder entfernt noch \u00fcberklebt werden.<\/p><p>10. Sicherheitsvorschriften:<br \/>Der Vermieter lehnt bei Personen- bzw. Sachsch\u00e4den jegliche Haftung ab. Im \u00fcbrigen verpflichtet sich der Mieter, die Objekte in einem geschlossenen Fahrzeug zu transportieren.<\/p><p>11. Schuldanerkennung:<br \/>Der Mieter haftet pers\u00f6nlich f\u00fcr s\u00e4mtliche Verpflichtungen, die aus diesem Mietvertrag entstehen, namentlich f\u00fcr den vereinbarten Mietpreis sowie alle aus diesem Mietvertrag entstehenden Kosten. Der Mieter anerkennt diese Schuld mit der Unterzeichnung des Mietvertrages im Sinne von SchKG Art. 82.<\/p><p>12. Gerichtstand:<br \/>S\u00e4mtliche Gesch\u00e4ftsbeziehungen unterstehen dem schweizerischen Recht. Ausschliesslicher Gerichtstand f\u00fcr beide Parteien ist Baden.<\/p><p>ONEMEDIA im Mai 2020<\/p>\t\t\t\t\t\t\t\t<\/div>\n\t\t\t\t<\/div>\n\t\t\t\t\t<\/div>\n\t\t<\/div>\n\t\t\t\t\t<\/div>\n\t\t<\/section>\n\t\t\t\t<\/div>\n\t\t","protected":false},"excerpt":{"rendered":"<p>1. Verkaufs-, Liefer- und Mietbedingungen:Die nachstehenden Bedingungen gelten f\u00fcr alle Verk\u00e4ufe, Lieferungen und Vermietungen soweit nicht schriftlich etwas anderes vereinbart wird. Gesch\u00e4ftsbedingungen des Kunden gelten nur, soweit wir diesen zustimmen. 2. Angebote:Unsere Angebote sind stets frei bleibend. Sie werden erst nach unserer endg\u00fcltigen Auftragsbest\u00e4tigung verbindlich. 3. Zahlungen:Alle Rechnungen sind innerhalb von 10 Tagen netto zahlbar, &#8230; <a title=\"AGB&#8217;s\" class=\"read-more\" href=\"https:\/\/www.onemedia.biz\/wordpress\/?page_id=81\" aria-label=\"Read more about AGB&#8217;s\">mehr lesen<\/a><\/p>\n","protected":false},"author":1,"featured_media":0,"parent":0,"menu_order":0,"comment_status":"closed","ping_status":"closed","template":"","meta":{"footnotes":""},"class_list":["post-81","page","type-page","status-publish"],"aioseo_notices":[],"jetpack_sharing_enabled":true,"_links":{"self":[{"href":"https:\/\/www.onemedia.biz\/wordpress\/index.php?rest_route=\/wp\/v2\/pages\/81","targetHints":{"allow":["GET"]}}],"collection":[{"href":"https:\/\/www.onemedia.biz\/wordpress\/index.php?rest_route=\/wp\/v2\/pages"}],"about":[{"href":"https:\/\/www.onemedia.biz\/wordpress\/index.php?rest_route=\/wp\/v2\/types\/page"}],"author":[{"embeddable":true,"href":"https:\/\/www.onemedia.biz\/wordpress\/index.php?rest_route=\/wp\/v2\/users\/1"}],"replies":[{"embeddable":true,"href":"https:\/\/www.onemedia.biz\/wordpress\/index.php?rest_route=%2Fwp%2Fv2%2Fcomments&post=81"}],"version-history":[{"count":4,"href":"https:\/\/www.onemedia.biz\/wordpress\/index.php?rest_route=\/wp\/v2\/pages\/81\/revisions"}],"predecessor-version":[{"id":86,"href":"https:\/\/www.onemedia.biz\/wordpress\/index.php?rest_route=\/wp\/v2\/pages\/81\/revisions\/86"}],"wp:attachment":[{"href":"https:\/\/www.onemedia.biz\/wordpress\/index.php?rest_route=%2Fwp%2Fv2%2Fmedia&parent=81"}],"curies":[{"name":"wp","href":"https:\/\/api.w.org\/{rel}","templated":true}]}}