{"id":45,"date":"2020-05-02T15:36:59","date_gmt":"2020-05-02T15:36:59","guid":{"rendered":"https:\/\/onemedia.biz\/wordpress\/?page_id=45"},"modified":"2020-05-02T15:38:57","modified_gmt":"2020-05-02T15:38:57","slug":"startseite","status":"publish","type":"page","link":"https:\/\/www.onemedia.biz\/wordpress\/","title":{"rendered":"Willkommen bei ONEMEDIA"},"content":{"rendered":"\t\t<div data-elementor-type=\"wp-page\" data-elementor-id=\"45\" class=\"elementor elementor-45\">\n\t\t\t\t\t\t<section class=\"elementor-section elementor-top-section elementor-element elementor-element-1fa87e5 elementor-section-boxed elementor-section-height-default elementor-section-height-default\" data-id=\"1fa87e5\" data-element_type=\"section\" data-e-type=\"section\">\n\t\t\t\t\t\t<div class=\"elementor-container elementor-column-gap-default\">\n\t\t\t\t\t<div class=\"elementor-column elementor-col-100 elementor-top-column elementor-element elementor-element-53bb035\" data-id=\"53bb035\" data-element_type=\"column\" data-e-type=\"column\">\n\t\t\t<div class=\"elementor-widget-wrap elementor-element-populated\">\n\t\t\t\t\t\t<div class=\"elementor-element elementor-element-4472436 elementor-widget elementor-widget-text-editor\" data-id=\"4472436\" data-element_type=\"widget\" data-e-type=\"widget\" data-widget_type=\"text-editor.default\">\n\t\t\t\t<div class=\"elementor-widget-container\">\n\t\t\t\t\t\t\t\t\t<p>ONEMEDIA ist offizieller Service-Partner von SES-Astra. Wir sind spezialisiert auf den Direct-To-Home-Empfang von TV- und Radioprogrammen sowie Zweiwegekommunikation, wie Telefonie und Internet, via Satellit. Wir installieren und warten analoge sowie digitale Ein- und Mehrteilnehmeranlagen f\u00fcr Anwendungen im C-, Ku- sowie Ka-Band und bieten Komplettl\u00f6sungen zur Verbreitung von Satelliten-Inhalten \u00fcber IP-basierte Netzwerke.<br \/><br \/><br \/><\/p>\t\t\t\t\t\t\t\t<\/div>\n\t\t\t\t<\/div>\n\t\t\t\t\t<\/div>\n\t\t<\/div>\n\t\t\t\t\t<\/div>\n\t\t<\/section>\n\t\t\t\t<\/div>\n\t\t","protected":false},"excerpt":{"rendered":"<p>ONEMEDIA ist offizieller Service-Partner von SES-Astra. Wir sind spezialisiert auf den Direct-To-Home-Empfang von TV- und Radioprogrammen sowie Zweiwegekommunikation, wie Telefonie und Internet, via Satellit. Wir installieren und warten analoge sowie digitale Ein- und Mehrteilnehmeranlagen f\u00fcr Anwendungen im C-, Ku- sowie Ka-Band und bieten Komplettl\u00f6sungen zur Verbreitung von Satelliten-Inhalten \u00fcber IP-basierte Netzwerke. &nbsp;<\/p>\n","protected":false},"author":1,"featured_media":0,"parent":0,"menu_order":0,"comment_status":"closed","ping_status":"closed","template":"","meta":{"footnotes":""},"class_list":["post-45","page","type-page","status-publish"],"aioseo_notices":[],"jetpack_sharing_enabled":true,"_links":{"self":[{"href":"https:\/\/www.onemedia.biz\/wordpress\/index.php?rest_route=\/wp\/v2\/pages\/45","targetHints":{"allow":["GET"]}}],"collection":[{"href":"https:\/\/www.onemedia.biz\/wordpress\/index.php?rest_route=\/wp\/v2\/pages"}],"about":[{"href":"https:\/\/www.onemedia.biz\/wordpress\/index.php?rest_route=\/wp\/v2\/types\/page"}],"author":[{"embeddable":true,"href":"https:\/\/www.onemedia.biz\/wordpress\/index.php?rest_route=\/wp\/v2\/users\/1"}],"replies":[{"embeddable":true,"href":"https:\/\/www.onemedia.biz\/wordpress\/index.php?rest_route=%2Fwp%2Fv2%2Fcomments&post=45"}],"version-history":[{"count":3,"href":"https:\/\/www.onemedia.biz\/wordpress\/index.php?rest_route=\/wp\/v2\/pages\/45\/revisions"}],"predecessor-version":[{"id":48,"href":"https:\/\/www.onemedia.biz\/wordpress\/index.php?rest_route=\/wp\/v2\/pages\/45\/revisions\/48"}],"wp:attachment":[{"href":"https:\/\/www.onemedia.biz\/wordpress\/index.php?rest_route=%2Fwp%2Fv2%2Fmedia&parent=45"}],"curies":[{"name":"wp","href":"https:\/\/api.w.org\/{rel}","templated":true}]}}