{"id":2,"date":"2020-05-02T13:39:20","date_gmt":"2020-05-02T13:39:20","guid":{"rendered":"https:\/\/onemedia.biz\/wordpress\/?page_id=2"},"modified":"2020-05-02T15:10:36","modified_gmt":"2020-05-02T15:10:36","slug":"sample-page","status":"publish","type":"page","link":"https:\/\/www.onemedia.biz\/wordpress\/?page_id=2","title":{"rendered":"\u00dcber uns"},"content":{"rendered":"\t\t<div data-elementor-type=\"wp-page\" data-elementor-id=\"2\" class=\"elementor elementor-2\">\n\t\t\t\t\t\t<section class=\"elementor-section elementor-top-section elementor-element elementor-element-b434258 elementor-section-boxed elementor-section-height-default elementor-section-height-default\" data-id=\"b434258\" data-element_type=\"section\" data-e-type=\"section\">\n\t\t\t\t\t\t<div class=\"elementor-container elementor-column-gap-default\">\n\t\t\t\t\t<div class=\"elementor-column elementor-col-100 elementor-top-column elementor-element elementor-element-ea7b136\" data-id=\"ea7b136\" data-element_type=\"column\" data-e-type=\"column\">\n\t\t\t<div class=\"elementor-widget-wrap elementor-element-populated\">\n\t\t\t\t\t\t<div class=\"elementor-element elementor-element-6da6946 elementor-widget elementor-widget-text-editor\" data-id=\"6da6946\" data-element_type=\"widget\" data-e-type=\"widget\" data-widget_type=\"text-editor.default\">\n\t\t\t\t<div class=\"elementor-widget-container\">\n\t\t\t\t\t\t\t\t\t<p>Willkommen in einer Welt, bewegt durch Crossmedia&#8230;<br \/><br \/>Gegr\u00fcndet als eine Schweizer Einzelfirma im Jahre 1997 ist ONEMEDIA heute ihr Solution-Provider f\u00fcr Multimedia und Broadcasting. W\u00e4hrend den vergangenen Jahre hat ONEMEDIA ein dichtes Netz zu Herstellern, Importeuren, H\u00e4ndlern und nicht zuletzt zu Radio- und TV-Stationen in der ganzen Welt aufgebaut. Ebenfalls gute Verbindungen bestehen zur Regulierungsbeh\u00f6rde BAKOM, Vertretern von Gemeinden und Kantone sowie zu weiteren wichtigen Schl\u00fcsselpersonen aus Politik und Wirtschaft.<br \/><br \/>Dank diesem ausgekl\u00fcgelten Netzwerk k\u00f6nnen wir Ihnen, angefangen von privaten Homepages, \u00fcber die Verarbeitung von Audio- und Video-Content, bis hin zum Aufbau von kompletten Studio- und \u00dcbertragungseinrichtungen f\u00fcr Radio und TV, alles aus einer Hand bieten. Egal, ob Tagesaufgabe oder Grossprojekte, Beratung, Flexibilit\u00e4t und Professionalit\u00e4t sind wichtige Bestandteile unseres Serviceangebotes.<\/p>\t\t\t\t\t\t\t\t<\/div>\n\t\t\t\t<\/div>\n\t\t\t\t\t<\/div>\n\t\t<\/div>\n\t\t\t\t\t<\/div>\n\t\t<\/section>\n\t\t\t\t<\/div>\n\t\t","protected":false},"excerpt":{"rendered":"<p>Willkommen in einer Welt, bewegt durch Crossmedia&#8230; Gegr\u00fcndet als eine Schweizer Einzelfirma im Jahre 1997 ist ONEMEDIA heute ihr Solution-Provider f\u00fcr Multimedia und Broadcasting. W\u00e4hrend den vergangenen Jahre hat ONEMEDIA ein dichtes Netz zu Herstellern, Importeuren, H\u00e4ndlern und nicht zuletzt zu Radio- und TV-Stationen in der ganzen Welt aufgebaut. Ebenfalls gute Verbindungen bestehen zur Regulierungsbeh\u00f6rde &#8230; <a title=\"\u00dcber uns\" class=\"read-more\" href=\"https:\/\/www.onemedia.biz\/wordpress\/?page_id=2\" aria-label=\"Read more about \u00dcber uns\">mehr lesen<\/a><\/p>\n","protected":false},"author":1,"featured_media":0,"parent":0,"menu_order":0,"comment_status":"closed","ping_status":"closed","template":"","meta":{"footnotes":""},"class_list":["post-2","page","type-page","status-publish"],"aioseo_notices":[],"jetpack_sharing_enabled":true,"_links":{"self":[{"href":"https:\/\/www.onemedia.biz\/wordpress\/index.php?rest_route=\/wp\/v2\/pages\/2","targetHints":{"allow":["GET"]}}],"collection":[{"href":"https:\/\/www.onemedia.biz\/wordpress\/index.php?rest_route=\/wp\/v2\/pages"}],"about":[{"href":"https:\/\/www.onemedia.biz\/wordpress\/index.php?rest_route=\/wp\/v2\/types\/page"}],"author":[{"embeddable":true,"href":"https:\/\/www.onemedia.biz\/wordpress\/index.php?rest_route=\/wp\/v2\/users\/1"}],"replies":[{"embeddable":true,"href":"https:\/\/www.onemedia.biz\/wordpress\/index.php?rest_route=%2Fwp%2Fv2%2Fcomments&post=2"}],"version-history":[{"count":4,"href":"https:\/\/www.onemedia.biz\/wordpress\/index.php?rest_route=\/wp\/v2\/pages\/2\/revisions"}],"predecessor-version":[{"id":16,"href":"https:\/\/www.onemedia.biz\/wordpress\/index.php?rest_route=\/wp\/v2\/pages\/2\/revisions\/16"}],"wp:attachment":[{"href":"https:\/\/www.onemedia.biz\/wordpress\/index.php?rest_route=%2Fwp%2Fv2%2Fmedia&parent=2"}],"curies":[{"name":"wp","href":"https:\/\/api.w.org\/{rel}","templated":true}]}}