{"id":105,"date":"2020-05-02T19:57:49","date_gmt":"2020-05-02T17:57:49","guid":{"rendered":"https:\/\/onemedia.biz\/wordpress\/?page_id=105"},"modified":"2025-01-30T19:19:10","modified_gmt":"2025-01-30T18:19:10","slug":"kontakt-und-impressum","status":"publish","type":"page","link":"https:\/\/www.onemedia.biz\/wordpress\/?page_id=105","title":{"rendered":"Kontakt und Impressum"},"content":{"rendered":"\t\t<div data-elementor-type=\"wp-page\" data-elementor-id=\"105\" class=\"elementor elementor-105\">\n\t\t\t\t\t\t<section class=\"elementor-section elementor-top-section elementor-element elementor-element-7628a3aa elementor-section-boxed elementor-section-height-default elementor-section-height-default\" data-id=\"7628a3aa\" data-element_type=\"section\" data-e-type=\"section\">\n\t\t\t\t\t\t<div class=\"elementor-container elementor-column-gap-default\">\n\t\t\t\t\t<div class=\"elementor-column elementor-col-100 elementor-top-column elementor-element elementor-element-1c653367\" data-id=\"1c653367\" data-element_type=\"column\" data-e-type=\"column\">\n\t\t\t<div class=\"elementor-widget-wrap elementor-element-populated\">\n\t\t\t\t\t\t<div class=\"elementor-element elementor-element-b772c8f elementor-widget elementor-widget-text-editor\" data-id=\"b772c8f\" data-element_type=\"widget\" data-e-type=\"widget\" data-widget_type=\"text-editor.default\">\n\t\t\t\t<div class=\"elementor-widget-container\">\n\t\t\t\t\t\t\t\t\t<p>Sie erreichen uns rund um die Uhr&#8230;<\/p>\n<p>Postanschrift: ONEMEDIA, Ch. Huber, Wohlerstrasse 14, 5612 Villmergen, Schweiz<\/p>\n<p>E-Mail: info(at)onemedia.biz<br>Internet: www.onemedia.biz<\/p>\n<p>Achtung &#8211; Unser Gesch\u00e4ft ist auf elektronische Bestell- und Kommunikationsabl\u00e4ufe via E-Mail und Internet optimiert. Daher k\u00f6nnen wir keine telefonischen Support- und Bestellanfragen entgegennehmen. Vertreterbesuche erfolgen ausschliesslich auf Voranmeldung. &#8211; Vielen Dank f\u00fcr ihr Verst\u00e4ndnis.<\/p>\n<p>Handelsregister: Die Firma &#171;OneMedia, Ch. Huber&#187; ist eine, im Schweiz. Handelregister eingetragene, Einzelfirma mit Sitz in Villmergen AG.<\/p>\n<p>Die offizielle UID lautet: CH-109.916.503<\/p>\n<p>Ziel und Zweck der Firma:&nbsp; Erstellung und Verarbeitung von Multimedia-Inhalten f\u00fcr Print, Internet, Intranet, Radio, TV und Video; Handel, Beratung, Import, Export, Vermietung, Verkauf, Installation, Wartung und Reparatur in den Bereichen IT, Multimedia und Telecom.<\/p>\n<p>Haftung: Trotz sorgf\u00e4ltiger Pr\u00fcfung unserer Webinhalte k\u00f6nnen wir keine Haftung f\u00fcr deren Aktualit\u00e4t, inhaltlicher Richtigkeit und Vollst\u00e4ndigkeit sowie eventuell daraus entstandenen Folgesch\u00e4den \u00fcbernehmen. Auf den Inhalt verlinkter Seiten haben wir keinen Einfluss, daher sind ausschliesslich deren Betreiber daf\u00fcr verantwortlich.<\/p>\t\t\t\t\t\t\t\t<\/div>\n\t\t\t\t<\/div>\n\t\t\t\t\t<\/div>\n\t\t<\/div>\n\t\t\t\t\t<\/div>\n\t\t<\/section>\n\t\t\t\t<\/div>\n\t\t","protected":false},"excerpt":{"rendered":"<p>Sie erreichen uns rund um die Uhr&#8230; Postanschrift: ONEMEDIA, Ch. Huber, Wohlerstrasse 14, 5612 Villmergen, Schweiz E-Mail: info(at)onemedia.bizInternet: www.onemedia.biz Achtung &#8211; Unser Gesch\u00e4ft ist auf elektronische Bestell- und Kommunikationsabl\u00e4ufe via E-Mail und Internet optimiert. Daher k\u00f6nnen wir keine telefonischen Support- und Bestellanfragen entgegennehmen. Vertreterbesuche erfolgen ausschliesslich auf Voranmeldung. &#8211; Vielen Dank f\u00fcr ihr Verst\u00e4ndnis. Handelsregister: &#8230; <a title=\"Kontakt und Impressum\" class=\"read-more\" href=\"https:\/\/www.onemedia.biz\/wordpress\/?page_id=105\" aria-label=\"Read more about Kontakt und Impressum\">mehr lesen<\/a><\/p>\n","protected":false},"author":1,"featured_media":0,"parent":0,"menu_order":0,"comment_status":"closed","ping_status":"closed","template":"","meta":{"footnotes":""},"class_list":["post-105","page","type-page","status-publish"],"aioseo_notices":[],"jetpack_sharing_enabled":true,"_links":{"self":[{"href":"https:\/\/www.onemedia.biz\/wordpress\/index.php?rest_route=\/wp\/v2\/pages\/105","targetHints":{"allow":["GET"]}}],"collection":[{"href":"https:\/\/www.onemedia.biz\/wordpress\/index.php?rest_route=\/wp\/v2\/pages"}],"about":[{"href":"https:\/\/www.onemedia.biz\/wordpress\/index.php?rest_route=\/wp\/v2\/types\/page"}],"author":[{"embeddable":true,"href":"https:\/\/www.onemedia.biz\/wordpress\/index.php?rest_route=\/wp\/v2\/users\/1"}],"replies":[{"embeddable":true,"href":"https:\/\/www.onemedia.biz\/wordpress\/index.php?rest_route=%2Fwp%2Fv2%2Fcomments&post=105"}],"version-history":[{"count":15,"href":"https:\/\/www.onemedia.biz\/wordpress\/index.php?rest_route=\/wp\/v2\/pages\/105\/revisions"}],"predecessor-version":[{"id":659,"href":"https:\/\/www.onemedia.biz\/wordpress\/index.php?rest_route=\/wp\/v2\/pages\/105\/revisions\/659"}],"wp:attachment":[{"href":"https:\/\/www.onemedia.biz\/wordpress\/index.php?rest_route=%2Fwp%2Fv2%2Fmedia&parent=105"}],"curies":[{"name":"wp","href":"https:\/\/api.w.org\/{rel}","templated":true}]}}